{"id":470,"date":"2025-02-24T18:35:51","date_gmt":"2025-02-24T18:35:51","guid":{"rendered":"https:\/\/1truenote.com\/?page_id=470"},"modified":"2025-02-24T18:35:54","modified_gmt":"2025-02-24T18:35:54","slug":"disclaimer","status":"publish","type":"page","link":"https:\/\/1truenote.com\/en\/disclaimer\/","title":{"rendered":"Disclaimer"},"content":{"rendered":"<p>O conte\u00fado apresentado neste blog \u00e9 elaborado com base em princ\u00edpios de boa f\u00e9 e visa fornecer informa\u00e7\u00f5es gerais sobre os temas abordados. Todos os artigos, recomenda\u00e7\u00f5es e opini\u00f5es expressas aqui t\u00eam como objetivo informar e compartilhar conhecimentos, sem a inten\u00e7\u00e3o de oferecer garantias de resultados espec\u00edficos.<\/p>\n\n\n\n<p>Embora nos empenhemos para manter as informa\u00e7\u00f5es atualizadas e precisas, n\u00e3o podemos assegurar a total aus\u00eancia de erros ou omiss\u00f5es. O uso das informa\u00e7\u00f5es disponibilizadas \u00e9 de responsabilidade exclusiva do leitor. Qualquer decis\u00e3o ou a\u00e7\u00e3o tomada com base no conte\u00fado deste site deve ser feita com discernimento, e n\u00e3o nos responsabilizamos por quaisquer perdas, danos ou preju\u00edzos decorrentes de sua aplica\u00e7\u00e3o.<\/p>\n\n\n\n<p>Recomendamos sempre que, em casos de d\u00favidas espec\u00edficas, consulte um profissional qualificado ou especialista no assunto tratado. O blog n\u00e3o se responsabiliza por interpreta\u00e7\u00f5es pessoais, nem por decis\u00f5es tomadas com base nos conte\u00fados aqui apresentados.<\/p>\n\n\n\n<p>Ao continuar a navegar e utilizar este site, voc\u00ea concorda com os termos deste disclaimer.<\/p>","protected":false},"excerpt":{"rendered":"<p>O conte\u00fado apresentado neste blog \u00e9 elaborado com base em princ\u00edpios de boa f\u00e9 e visa fornecer informa\u00e7\u00f5es gerais sobre os temas abordados. Todos os artigos, recomenda\u00e7\u00f5es e opini\u00f5es expressas aqui t\u00eam como objetivo informar e compartilhar conhecimentos, sem a inten\u00e7\u00e3o de oferecer garantias de resultados espec\u00edficos. Embora nos empenhemos para manter as informa\u00e7\u00f5es atualizadas&#8230;<\/p>","protected":false},"author":1,"featured_media":0,"parent":0,"menu_order":0,"comment_status":"closed","ping_status":"closed","template":"","meta":{"_kad_post_transparent":"","_kad_post_title":"","_kad_post_layout":"","_kad_post_sidebar_id":"","_kad_post_content_style":"","_kad_post_vertical_padding":"","_kad_post_feature":"","_kad_post_feature_position":"","_kad_post_header":false,"_kad_post_footer":false,"_kad_post_classname":"","footnotes":""},"class_list":["post-470","page","type-page","status-publish","hentry"],"_hostinger_reach_plugin_has_subscription_block":false,"_hostinger_reach_plugin_is_elementor":false,"jetpack_sharing_enabled":true,"_links":{"self":[{"href":"https:\/\/1truenote.com\/en\/wp-json\/wp\/v2\/pages\/470","targetHints":{"allow":["GET"]}}],"collection":[{"href":"https:\/\/1truenote.com\/en\/wp-json\/wp\/v2\/pages"}],"about":[{"href":"https:\/\/1truenote.com\/en\/wp-json\/wp\/v2\/types\/page"}],"author":[{"embeddable":true,"href":"https:\/\/1truenote.com\/en\/wp-json\/wp\/v2\/users\/1"}],"replies":[{"embeddable":true,"href":"https:\/\/1truenote.com\/en\/wp-json\/wp\/v2\/comments?post=470"}],"version-history":[{"count":0,"href":"https:\/\/1truenote.com\/en\/wp-json\/wp\/v2\/pages\/470\/revisions"}],"wp:attachment":[{"href":"https:\/\/1truenote.com\/en\/wp-json\/wp\/v2\/media?parent=470"}],"curies":[{"name":"wp","href":"https:\/\/api.w.org\/{rel}","templated":true}]}}