{"id":46,"date":"2024-12-02T05:06:52","date_gmt":"2024-12-02T05:06:52","guid":{"rendered":"https:\/\/1truenote.com\/?page_id=46"},"modified":"2025-03-07T13:18:02","modified_gmt":"2025-03-07T13:18:02","slug":"politica-de-cookie","status":"publish","type":"page","link":"https:\/\/1truenote.com\/en\/politica-de-cookie\/","title":{"rendered":"Cookie Policy"},"content":{"rendered":"\n<p>A presente <strong>Pol\u00edtica de Cookies<\/strong> explica como o <strong><a href=\"https:\/\/1truenote.com\/\" data-type=\"link\" data-id=\"https:\/\/1truenote.com\/\">1TrueNote<\/a><\/strong> utiliza cookies e outras tecnologias semelhantes para melhorar a sua experi\u00eancia de navega\u00e7\u00e3o e garantir que o site funcione de maneira eficaz. Ao acessar o nosso blog, voc\u00ea concorda com o uso de cookies conforme descrito nesta pol\u00edtica. Se voc\u00ea n\u00e3o concordar com a nossa Pol\u00edtica de Cookies, por favor, desative os cookies ou n\u00e3o utilize nosso site.<\/p>\n\n\n\n<hr class=\"wp-block-separator has-alpha-channel-opacity\"\/>\n\n\n\n<h3 id='o-que-s\u00e3o-cookies'  id=\"boomdevs_1\" class=\"wp-block-heading\"><strong>O Que S\u00e3o Cookies?<\/strong><\/h3>\n\n\n\n<p>Cookies s\u00e3o pequenos arquivos de texto que s\u00e3o armazenados no seu dispositivo (computador, smartphone, tablet) quando voc\u00ea visita um site. Esses arquivos ajudam a identificar o seu dispositivo e a lembrar suas prefer\u00eancias ou a\u00e7\u00f5es ao longo do tempo. Os cookies podem ser tempor\u00e1rios (cookies de sess\u00e3o) ou permanentes (cookies persistentes), dependendo de quanto tempo permanecem no seu dispositivo.<\/p>\n\n\n\n<hr class=\"wp-block-separator has-alpha-channel-opacity\"\/>\n\n\n\n<h3 id='como-usamos-cookies'  id=\"boomdevs_2\" class=\"wp-block-heading\"><strong>Como Usamos Cookies<\/strong><\/h3>\n\n\n\n<p>Usamos cookies em nosso site para os seguintes fins:<\/p>\n\n\n\n<ol start=\"1\" class=\"wp-block-list\">\n<li><strong>Cookies Essenciais<\/strong><br>S\u00e3o necess\u00e1rios para o funcionamento b\u00e1sico do nosso site, permitindo que voc\u00ea navegue entre as p\u00e1ginas e utilize os recursos de maneira eficaz. Sem esses cookies, o site pode n\u00e3o funcionar corretamente.<\/li>\n\n\n\n<li><strong>Cookies de Performance<\/strong><br>Estes cookies coletam informa\u00e7\u00f5es sobre como os visitantes utilizam o site, como as p\u00e1ginas mais acessadas ou se ocorrem erros durante a navega\u00e7\u00e3o. Essas informa\u00e7\u00f5es s\u00e3o usadas para melhorar o desempenho e a funcionalidade do site. Os dados coletados s\u00e3o an\u00f4nimos e n\u00e3o identificam pessoalmente os usu\u00e1rios.<\/li>\n\n\n\n<li><strong>Cookies de Funcionalidade<\/strong><br>Esses cookies permitem que o site memorize as suas prefer\u00eancias (como o idioma ou a regi\u00e3o onde voc\u00ea est\u00e1) e forne\u00e7a uma experi\u00eancia personalizada. Eles n\u00e3o s\u00e3o essenciais, mas melhoram a sua experi\u00eancia de navega\u00e7\u00e3o.<\/li>\n\n\n\n<li><strong>Cookies de Publicidade e An\u00e1lise<\/strong><br>Utilizamos cookies para veicular an\u00fancios personalizados e para analisar o comportamento de navega\u00e7\u00e3o de nossos usu\u00e1rios. Os cookies usados para publicidade s\u00e3o definidos pelo <strong>Google AdSense<\/strong> e por outras plataformas de publicidade. Esses cookies ajudam a exibir an\u00fancios mais relevantes com base no seu comportamento de navega\u00e7\u00e3o. Al\u00e9m disso, o Google AdSense pode usar cookies para medir a efic\u00e1cia dos an\u00fancios e personaliz\u00e1-los de acordo com o seu perfil.<\/li>\n\n\n\n<li><strong>Cookies de M\u00eddia Social<\/strong><br>Se voc\u00ea compartilhar conte\u00fado do nosso site em redes sociais, como Facebook ou Twitter, essas plataformas podem definir cookies para rastrear sua atividade. O <strong>1TrueNote<\/strong> n\u00e3o controla esses cookies, e voc\u00ea deve revisar a pol\u00edtica de cookies das respectivas plataformas para mais informa\u00e7\u00f5es.<\/li>\n<\/ol>\n\n\n\n<hr class=\"wp-block-separator has-alpha-channel-opacity\"\/>\n\n\n\n<h3 id='cookies-de-terceiros'  id=\"boomdevs_3\" class=\"wp-block-heading\"><strong>Cookies de Terceiros<\/strong><\/h3>\n\n\n\n<p>Al\u00e9m dos cookies que utilizamos diretamente, tamb\u00e9m podemos permitir que terceiros, como o <strong>Google AdSense<\/strong>, definam cookies em seu dispositivo. Esses cookies s\u00e3o usados para exibir an\u00fancios baseados nos seus interesses e h\u00e1bitos de navega\u00e7\u00e3o. O <strong>Google AdSense<\/strong> utiliza tecnologias como cookies para coletar informa\u00e7\u00f5es sobre suas intera\u00e7\u00f5es com o conte\u00fado do nosso site e exibir an\u00fancios personalizados.<\/p>\n\n\n\n<p>Para saber mais sobre como o Google AdSense usa cookies e como voc\u00ea pode controlar a personaliza\u00e7\u00e3o de an\u00fancios, consulte as configura\u00e7\u00f5es de an\u00fancios do Google: <a href=\"https:\/\/adssettings.google.com\/\" target=\"_blank\" rel=\"noopener\">Google Ads Settings<\/a>.<\/p>\n\n\n\n<p>Outros terceiros, como ferramentas de an\u00e1lise (Google Analytics) ou widgets de m\u00eddia social, tamb\u00e9m podem definir cookies no seu dispositivo para analisar o uso do site ou fornecer funcionalidades extras.<\/p>\n\n\n\n<hr class=\"wp-block-separator has-alpha-channel-opacity\"\/>\n\n\n\n<h3 id='gerenciamento-de-cookies'  id=\"boomdevs_4\" class=\"wp-block-heading\"><strong>Gerenciamento de Cookies<\/strong><\/h3>\n\n\n\n<p>Voc\u00ea tem o direito de decidir se deseja aceitar ou recusar cookies. A maioria dos navegadores permite o controle de cookies atrav\u00e9s das configura\u00e7\u00f5es, mas se voc\u00ea desativar os cookies, pode comprometer a funcionalidade de algumas partes do site.<\/p>\n\n\n\n<p>Se voc\u00ea deseja desativar os cookies ou modificar suas prefer\u00eancias, siga as instru\u00e7\u00f5es do seu navegador para bloquear ou excluir cookies. O processo pode variar dependendo do navegador que voc\u00ea usa, mas em geral, voc\u00ea pode encontrar essas op\u00e7\u00f5es nas configura\u00e7\u00f5es de &#8220;Privacidade&#8221; ou &#8220;Seguran\u00e7a&#8221;.<\/p>\n\n\n\n<p>Para mais informa\u00e7\u00f5es sobre como gerenciar cookies em diferentes navegadores, consulte os links abaixo:<\/p>\n\n\n\n<ul class=\"wp-block-list\">\n<li><a href=\"https:\/\/support.google.com\/chrome\/answer\/95647?hl=pt-BR\" target=\"_blank\" rel=\"noopener\">Google Chrome<\/a><\/li>\n\n\n\n<li><a href=\"https:\/\/support.mozilla.org\/pt-BR\/kb\/limpe-cookies-e-dados-de-sites-no-firefox\" data-type=\"link\" data-id=\"https:\/\/support.mozilla.org\/pt-BR\/kb\/limpe-cookies-e-dados-de-sites-no-firefox\" target=\"_blank\" rel=\"noopener\">Mozilla Firefox<\/a><\/li>\n\n\n\n<li><a href=\"https:\/\/support.apple.com\/pt-br\/guide\/safari\/sfri11471\/mac\" target=\"_blank\" rel=\"noopener\">Safari<\/a><\/li>\n\n\n\n<li><a href=\"https:\/\/support.microsoft.com\/pt-br\/windows\/gerenciar-cookies-no-microsoft-edge-exibir-permitir-bloquear-excluir-e-usar-168dab11-0753-043d-7c16-ede5947fc64d\" data-type=\"link\" data-id=\"https:\/\/support.microsoft.com\/pt-br\/windows\/gerenciar-cookies-no-microsoft-edge-exibir-permitir-bloquear-excluir-e-usar-168dab11-0753-043d-7c16-ede5947fc64d\" target=\"_blank\" rel=\"noopener\">Microsoft Edge<\/a><\/li>\n<\/ul>\n\n\n\n<p>Al\u00e9m disso, voc\u00ea pode optar por n\u00e3o receber an\u00fancios personalizados de algumas plataformas, como o <strong>Google AdSense<\/strong>, acessando as <a href=\"https:\/\/adssettings.google.com\/\" target=\"_blank\" rel=\"noopener\">Configura\u00e7\u00f5es de An\u00fancios do Google<\/a>.<\/p>\n\n\n\n<hr class=\"wp-block-separator has-alpha-channel-opacity\"\/>\n\n\n\n<h3 id='cookies-utilizados-por-terceiros'  id=\"boomdevs_5\" class=\"wp-block-heading\"><strong>Cookies Utilizados por Terceiros<\/strong><\/h3>\n\n\n\n<p>O <strong>1TrueNote<\/strong> utiliza cookies de terceiros para exibir an\u00fancios personalizados e coletar dados anal\u00edticos sobre o uso do site. Esses terceiros podem ser:<\/p>\n\n\n\n<ul class=\"wp-block-list\">\n<li><strong>Google AdSense<\/strong> \u2013 Para exibi\u00e7\u00e3o de an\u00fancios personalizados e an\u00e1lise de efic\u00e1cia.<\/li>\n\n\n\n<li><strong>Google Analytics<\/strong> \u2013 Para coletar dados sobre o comportamento dos usu\u00e1rios e melhorar a experi\u00eancia do site.<\/li>\n\n\n\n<li><strong>Plataformas de M\u00eddia Social<\/strong> (Facebook, Twitter, Instagram) \u2013 Para funcionalidades de compartilhamento social.<\/li>\n<\/ul>\n\n\n\n<p>Esses cookies podem coletar informa\u00e7\u00f5es sobre sua navega\u00e7\u00e3o, como a sua localiza\u00e7\u00e3o geogr\u00e1fica, o dispositivo que voc\u00ea est\u00e1 utilizando e o conte\u00fado de interesse. No entanto, essas informa\u00e7\u00f5es s\u00e3o an\u00f4nimas e n\u00e3o identificam voc\u00ea pessoalmente.<\/p>\n\n\n\n<hr class=\"wp-block-separator has-alpha-channel-opacity\"\/>\n\n\n\n<h3 id='altera\u00e7\u00f5es-nesta-pol\u00edtica-de-cookies'  id=\"boomdevs_6\" class=\"wp-block-heading\"><strong>Altera\u00e7\u00f5es nesta Pol\u00edtica de Cookies<\/strong><\/h3>\n\n\n\n<p>O <strong>1TrueNote<\/strong> pode atualizar esta Pol\u00edtica de Cookies a qualquer momento para refletir altera\u00e7\u00f5es na forma como utilizamos cookies ou por outras raz\u00f5es operacionais, legais ou regulat\u00f3rias. Recomendamos que voc\u00ea reveja periodicamente esta p\u00e1gina para se manter informado sobre como estamos utilizando cookies.<\/p>\n\n\n\n<hr class=\"wp-block-separator has-alpha-channel-opacity\"\/>\n\n\n\n<h3 id='contato'  id=\"boomdevs_7\" class=\"wp-block-heading\"><strong>Contato<\/strong><\/h3>\n\n\n\n<p>Se voc\u00ea tiver d\u00favidas ou preocupa\u00e7\u00f5es sobre nossa Pol\u00edtica de Cookies ou sobre como gerenciamos seus dados, n\u00e3o hesite em entrar em contato conosco:<\/p>\n\n\n\n<ul class=\"wp-block-list\">\n<li><strong>E-mail:<\/strong> [<a href=\"mailto:contato@1truenote.com\">contato@1truenote.com<\/a>]<\/li>\n<\/ul>\n\n\n\n<p>Esta Pol\u00edtica de Cookie \u00e9 v\u00e1lida desde 2 de dezembro de 2024.<\/p>\n\n\n\n<p>Obrigado por usar o <a href=\"https:\/\/1truenote.com\/\"><strong>1TrueNote<\/strong><\/a>!<\/p>\n","protected":false},"excerpt":{"rendered":"<p>A presente Pol\u00edtica de Cookies explica como o 1TrueNote utiliza cookies e outras tecnologias semelhantes para melhorar a sua experi\u00eancia de navega\u00e7\u00e3o e garantir que o site funcione de maneira eficaz. Ao acessar o nosso blog, voc\u00ea concorda com o uso de cookies conforme descrito nesta pol\u00edtica. Se voc\u00ea n\u00e3o concordar com a nossa Pol\u00edtica&#8230;<\/p>","protected":false},"author":1,"featured_media":0,"parent":0,"menu_order":0,"comment_status":"closed","ping_status":"closed","template":"","meta":{"_kad_post_transparent":"","_kad_post_title":"","_kad_post_layout":"","_kad_post_sidebar_id":"","_kad_post_content_style":"","_kad_post_vertical_padding":"","_kad_post_feature":"","_kad_post_feature_position":"","_kad_post_header":false,"_kad_post_footer":false,"_kad_post_classname":"","footnotes":""},"class_list":["post-46","page","type-page","status-publish","hentry"],"_hostinger_reach_plugin_has_subscription_block":false,"_hostinger_reach_plugin_is_elementor":false,"jetpack_sharing_enabled":true,"_links":{"self":[{"href":"https:\/\/1truenote.com\/en\/wp-json\/wp\/v2\/pages\/46","targetHints":{"allow":["GET"]}}],"collection":[{"href":"https:\/\/1truenote.com\/en\/wp-json\/wp\/v2\/pages"}],"about":[{"href":"https:\/\/1truenote.com\/en\/wp-json\/wp\/v2\/types\/page"}],"author":[{"embeddable":true,"href":"https:\/\/1truenote.com\/en\/wp-json\/wp\/v2\/users\/1"}],"replies":[{"embeddable":true,"href":"https:\/\/1truenote.com\/en\/wp-json\/wp\/v2\/comments?post=46"}],"version-history":[{"count":0,"href":"https:\/\/1truenote.com\/en\/wp-json\/wp\/v2\/pages\/46\/revisions"}],"wp:attachment":[{"href":"https:\/\/1truenote.com\/en\/wp-json\/wp\/v2\/media?parent=46"}],"curies":[{"name":"wp","href":"https:\/\/api.w.org\/{rel}","templated":true}]}}