{"id":2569,"date":"2025-05-30T17:15:56","date_gmt":"2025-05-30T20:15:56","guid":{"rendered":"https:\/\/1truenote.com\/?page_id=2569"},"modified":"2025-05-30T17:45:07","modified_gmt":"2025-05-30T20:45:07","slug":"canal-whatsapp-true-note-decoracao","status":"publish","type":"page","link":"https:\/\/1truenote.com\/en\/canal-whatsapp-true-note-decoracao\/","title":{"rendered":"Receba dicas de decora\u00e7\u00e3o direto no seu WhatsApp gratuitamente &#8211; 2025"},"content":{"rendered":"<p class=\"has-text-align-center\">Descubra ideias incr\u00edveis de Casa &amp; Jardim e fique por dentro das novidades do blog True Note antes de todo mundo!<br><strong>True Note \u00e9 o portal refer\u00eancia em decora\u00e7\u00e3o e ambientes inspiradores desde 2020.<\/strong><\/p>\n\n\n\n<p>Cadastre-se <strong>gratuitamente<\/strong> no nosso canal exclusivo e receba:<\/p>\n\n\n\n<ul class=\"wp-block-list\">\n<li>De <strong>segunda a sexta<\/strong>, apenas uma dica, artigo ou decorado por dia (zero spam)<\/li>\n\n\n\n<li>Inspira\u00e7\u00f5es de ambientes decorados<\/li>\n\n\n\n<li>Novos artigos publicados no blog<\/li>\n\n\n\n<li>Links para produtos e tend\u00eancias<\/li>\n\n\n\n<li>Tudo direto no seu WhatsApp, <strong>sem spam<\/strong>.<\/li>\n<\/ul>\n\n\n\n<hr class=\"wp-block-separator has-alpha-channel-opacity\"\/>\n\n\n\n<p class=\"has-text-align-center\"><strong>\u2705 Entrar no canal &#8216;Casa &amp; Jardim &#8211; Carvalho Consultoria &#8216; do whatsApp agora<\/strong><\/p>\n\n\n\n<div class=\"wp-block-buttons is-content-justification-center is-layout-flex wp-container-core-buttons-is-layout-16018d1d wp-block-buttons-is-layout-flex\">\n<div class=\"wp-block-button\"><a class=\"wp-block-button__link has-background wp-element-button\" href=\"https:\/\/chat.whatsapp.com\/KJBkp5LFJVRIvmt5X3hSEh\" style=\"background-color:#25d366\" target=\"_blank\" rel=\"noopener\">\ud83d\udc49 Entrar no canal do WhatsApp<\/a><\/div>\n<\/div>\n\n\n\n<hr class=\"wp-block-separator has-alpha-channel-opacity\"\/>\n\n\n\n<figure class=\"wp-block-image aligncenter size-large\"><a href=\"https:\/\/chat.whatsapp.com\/KJBkp5LFJVRIvmt5X3hSEh\" target=\"_blank\" rel=\"noopener\"><img data-recalc-dims=\"1\" fetchpriority=\"high\" decoding=\"async\" width=\"1024\" height=\"683\" src=\"https:\/\/i0.wp.com\/1truenote.com\/wp-content\/uploads\/2025\/05\/ChatGPT-Image-30-de-mai.-de-2025-16_37_05.png?resize=1024%2C683&#038;ssl=1\" alt=\"canal-whatsapp-true-note-decoracao\" class=\"wp-image-2570\" srcset=\"https:\/\/i0.wp.com\/1truenote.com\/wp-content\/uploads\/2025\/05\/ChatGPT-Image-30-de-mai.-de-2025-16_37_05.png?resize=1024%2C683&amp;ssl=1 1024w, https:\/\/i0.wp.com\/1truenote.com\/wp-content\/uploads\/2025\/05\/ChatGPT-Image-30-de-mai.-de-2025-16_37_05.png?resize=300%2C200&amp;ssl=1 300w, https:\/\/i0.wp.com\/1truenote.com\/wp-content\/uploads\/2025\/05\/ChatGPT-Image-30-de-mai.-de-2025-16_37_05.png?resize=768%2C512&amp;ssl=1 768w, https:\/\/i0.wp.com\/1truenote.com\/wp-content\/uploads\/2025\/05\/ChatGPT-Image-30-de-mai.-de-2025-16_37_05.png?w=1536&amp;ssl=1 1536w\" sizes=\"(max-width: 1024px) 100vw, 1024px\" \/><\/a><\/figure>\n\n\n\n<p class=\"has-text-align-center\">\ud83c\udf89 Mais de <strong>5.000 apaixonados<\/strong> por decora\u00e7\u00e3o j\u00e1 est\u00e3o no nosso canal.<br>Entre agora e transforme sua casa com dicas pr\u00e1ticas, bonitas e acess\u00edveis!<\/p>\n\n\n\n<div class=\"wp-block-buttons is-content-justification-center is-layout-flex wp-container-core-buttons-is-layout-16018d1d wp-block-buttons-is-layout-flex\">\n<div class=\"wp-block-button\"><a class=\"wp-block-button__link has-background wp-element-button\" href=\"https:\/\/chat.whatsapp.com\/KJBkp5LFJVRIvmt5X3hSEh\" style=\"background-color:#25d366\" target=\"_blank\" rel=\"noopener\">\ud83d\udc49 Entrar no canal do WhatsApp<\/a><\/div>\n<\/div>\n\n\n\n<hr class=\"wp-block-separator has-alpha-channel-opacity\"\/>\n\n\n\n<p class=\"has-text-align-center\"><em>Powered by TrueNote<\/em> | Sem spam. Cancelamento a qualquer momento.<\/p>","protected":false},"excerpt":{"rendered":"<p>Descubra ideias incr\u00edveis de Casa &amp; Jardim e fique por dentro das novidades do blog True Note antes de todo mundo!True Note \u00e9 o portal refer\u00eancia em decora\u00e7\u00e3o e ambientes inspiradores desde 2020. Cadastre-se gratuitamente no nosso canal exclusivo e receba: \u2705 Entrar no canal &#8216;Casa &amp; Jardim &#8211; Carvalho Consultoria &#8216; do whatsApp agora&#8230;<\/p>","protected":false},"author":1,"featured_media":0,"parent":0,"menu_order":0,"comment_status":"closed","ping_status":"closed","template":"","meta":{"_kad_post_transparent":"","_kad_post_title":"","_kad_post_layout":"","_kad_post_sidebar_id":"","_kad_post_content_style":"","_kad_post_vertical_padding":"","_kad_post_feature":"","_kad_post_feature_position":"","_kad_post_header":false,"_kad_post_footer":false,"_kad_post_classname":"","footnotes":""},"class_list":["post-2569","page","type-page","status-publish","hentry"],"_hostinger_reach_plugin_has_subscription_block":false,"_hostinger_reach_plugin_is_elementor":false,"jetpack_sharing_enabled":true,"_links":{"self":[{"href":"https:\/\/1truenote.com\/en\/wp-json\/wp\/v2\/pages\/2569","targetHints":{"allow":["GET"]}}],"collection":[{"href":"https:\/\/1truenote.com\/en\/wp-json\/wp\/v2\/pages"}],"about":[{"href":"https:\/\/1truenote.com\/en\/wp-json\/wp\/v2\/types\/page"}],"author":[{"embeddable":true,"href":"https:\/\/1truenote.com\/en\/wp-json\/wp\/v2\/users\/1"}],"replies":[{"embeddable":true,"href":"https:\/\/1truenote.com\/en\/wp-json\/wp\/v2\/comments?post=2569"}],"version-history":[{"count":0,"href":"https:\/\/1truenote.com\/en\/wp-json\/wp\/v2\/pages\/2569\/revisions"}],"wp:attachment":[{"href":"https:\/\/1truenote.com\/en\/wp-json\/wp\/v2\/media?parent=2569"}],"curies":[{"name":"wp","href":"https:\/\/api.w.org\/{rel}","templated":true}]}}