{"id":1015,"date":"2025-04-21T19:32:16","date_gmt":"2025-04-21T19:32:16","guid":{"rendered":"https:\/\/1truenote.com\/?page_id=1015"},"modified":"2025-04-30T15:10:49","modified_gmt":"2025-04-30T15:10:49","slug":"lp-como-recuperar-as-fotos-apagadas-do-iphone","status":"publish","type":"page","link":"https:\/\/1truenote.com\/en\/lp-como-recuperar-as-fotos-apagadas-do-iphone\/","title":{"rendered":"Como recuperar as fotos apagadas do iPhone 2025"},"content":{"rendered":"<p>Voc\u00ea apagou acidentalmente fotos preciosas do seu iPhone? Ou talvez tenha notado que um \u00e1lbum inteiro simplesmente sumiu sem explica\u00e7\u00e3o? Vamos falar de como recuperar as fotos apagadas do iPhone.<\/p>\n\n\n\n<p>Antes de entrar em desespero, respire fundo. Se voc\u00ea precisa <strong>recuperar arquivos apagados<\/strong> do seu dispositivo, este \u00e9 o momento certo para agir. Seja qual for o motivo da exclus\u00e3o, saiba: Voc\u00ea n\u00e3o est\u00e1 sozinho!! Milhares de pessoas passam por isso todos os dias \u2014 e conseguem reverter a situa\u00e7\u00e3o com sucesso. Acessando o <strong>bot\u00e3o abaixo<\/strong> voc\u00ea vai aprender como recuperar as fotos apagadas do iPhone.<\/p>\n\n\n\n<div style=\"height:60px\" aria-hidden=\"true\" class=\"wp-block-spacer\"><\/div>\n\n\n\n<hr class=\"wp-block-separator has-alpha-channel-opacity\"\/>\n\n\n\n<div style=\"text-align:center;\">\n  <a href=\"https:\/\/1truenote.com\/en\/como-recuperar-as-fotos-apagadas-do-iphone\/\" style=\"display:inline-block; background-color:#03B86C; color:#ffffff; font-weight:bold; font-size: 18px; padding:10px 30px; border-radius:9px;\">\n     Guia completo de como recuperar as fotos apagadas\n    <span style=\"color:yellow; font-size:1.2em; margin-left:10px;\">&#8658;<\/span>\n  <\/a>\n<\/div>\n\n\n\n<div style=\"height:60px\" aria-hidden=\"true\" class=\"wp-block-spacer\"><\/div>\n\n\n\n<hr class=\"wp-block-separator has-alpha-channel-opacity\"\/>\n\n\n\n<p>A verdade \u00e9 que existem solu\u00e7\u00f5es confi\u00e1veis e eficazes para <strong>recuperar fotos apagadas do iPhone<\/strong>, mesmo aquelas que parecem perdidas para sempre. Apenas clicando no <strong>bot\u00e3o acima<\/strong> voc\u00ea vai aprender a como recuperar as fotos apagadas do iPhone lendo nosso artigo completo.<\/p>\n\n\n\n<p>A perda de fotos pode acontecer por in\u00fameros motivos: Atualiza\u00e7\u00e3o do sistema, falha no backup, exclus\u00e3o acidental, redefini\u00e7\u00e3o do aparelho ou at\u00e9 mesmo sincroniza\u00e7\u00e3o incorreta com o iCloud. Mas o que a maioria das pessoas ainda n\u00e3o sabe \u00e9 que o iPhone armazena tra\u00e7os de imagens exclu\u00eddas que podem ser restauradas com os recursos certos \u2014 e em muitos casos, sem precisar sair de casa ou recorrer a assist\u00eancia t\u00e9cnica.<\/p>\n\n\n\n<p>Diferentemente do que parece, o sistema iOS oferece possibilidades reais de recupera\u00e7\u00e3o, principalmente se o processo for feito dentro de um prazo de at\u00e9 30 dias. Mas mesmo para quem ultrapassou esse limite, ainda h\u00e1 esperan\u00e7a: existem m\u00e9todos avan\u00e7ados para <strong>recuperar arquivos apagados<\/strong> com a ajuda de backups ocultos ou softwares especializados.<\/p>\n\n\n\n<p>Para quem mant\u00e9m backups autom\u00e1ticos ativados no iCloud ou iTunes, o processo \u00e9 ainda mais seguro. \u00c9 poss\u00edvel restaurar vers\u00f5es anteriores do dispositivo e recuperar todos os dados, inclusive fotos, em quest\u00e3o de minutos. Mas se o backup n\u00e3o foi feito, n\u00e3o se preocupe: Solu\u00e7\u00f5es como <a href=\"https:\/\/www.imobie.com\/br\/phonerescue\/ios-data-recovery.htm\" data-type=\"link\" data-id=\"https:\/\/www.imobie.com\/br\/phonerescue\/ios-data-recovery.htm\" target=\"_blank\" rel=\"noopener\">PhoneRescue<\/a> e <a href=\"https:\/\/br.easeus.com\/ios-data-recovery-software\/\" data-type=\"link\" data-id=\"https:\/\/br.easeus.com\/ios-data-recovery-software\/\" target=\"_blank\" rel=\"noopener\">EaseUS MobiSaver<\/a> t\u00eam ajudado milhares de usu\u00e1rios a resgatar imagens e v\u00eddeos deletados \u2014 at\u00e9 mesmo quando j\u00e1 foram removidos da lixeira do sistema.<\/p>\n\n\n\n<p>A chave est\u00e1 em agir com rapidez e estrat\u00e9gia. O quanto antes voc\u00ea iniciar a tentativa de restaura\u00e7\u00e3o, maiores s\u00e3o as chances de recuperar arquivos apagados com qualidade e integridade. Por isso, evite continuar usando intensamente o dispositivo ap\u00f3s a exclus\u00e3o: isso pode sobrescrever os dados perdidos e dificultar a recupera\u00e7\u00e3o.<\/p>\n\n\n\n<p>A boa not\u00edcia \u00e9 que, com os avan\u00e7os da tecnologia, mesmo pessoas sem nenhum conhecimento t\u00e9cnico conseguem realizar o processo. Com o passo a passo correto, voc\u00ea poder\u00e1 recuperar as fotos apagadas do iPhone direto do aparelho, de um backup ou com um software intuitivo instalado no computador.<\/p>\n\n\n\n<p>Imagine restaurar aquele \u00e1lbum de viagem, aquele v\u00eddeo especial com a fam\u00edlia ou o registro raro de um momento inesquec\u00edvel. O al\u00edvio de ter essas mem\u00f3rias de volta \u00e9 imensur\u00e1vel \u2014 e totalmente poss\u00edvel quando voc\u00ea tem as ferramentas certas nas m\u00e3os. S\u00e3o diversas possibilidades para voc\u00ea conseguir recuperar suas fotos e v\u00eddeos.<\/p>\n\n\n\n<p><strong>Recuperar fotos apagadas do iPhone<\/strong> n\u00e3o \u00e9 mais um privil\u00e9gio de especialistas. \u00c9 uma possibilidade real, acess\u00edvel e mais pr\u00f3xima do que parece. Atrav\u00e9s de solu\u00e7\u00f5es confi\u00e1veis, seguras e testadas, voc\u00ea poder\u00e1 reverter o que antes parecia um erro irrevers\u00edvel. E agora, com as op\u00e7\u00f5es certas \u00e0 sua disposi\u00e7\u00e3o, chegou a sua vez de recuperar essas mem\u00f3rias. <\/p>\n\n\n\n<p>Descubra, passo a passo, <strong>como recuperar fotos apagadas do iPhone<\/strong> e retome o controle sobre seus arquivos mais valiosos.<\/p>\n\n\n\n<p>Voc\u00ea pode acessar o guia completo <a href=\"https:\/\/1truenote.com\/en\/como-recuperar-as-fotos-apagadas-do-iphone\/\" data-type=\"link\" data-id=\"https:\/\/1truenote.com\/como-recuperar-as-fotos-apagadas-do-iphone\/\">aqui<\/a> tamb\u00e9m.<\/p>","protected":false},"excerpt":{"rendered":"<p>Voc\u00ea apagou acidentalmente fotos preciosas do seu iPhone? Ou talvez tenha notado que um \u00e1lbum inteiro simplesmente sumiu sem explica\u00e7\u00e3o? Vamos falar de como recuperar as fotos apagadas do iPhone. Antes de entrar em desespero, respire fundo. Se voc\u00ea precisa recuperar arquivos apagados do seu dispositivo, este \u00e9 o momento certo para agir. Seja qual&#8230;<\/p>","protected":false},"author":1,"featured_media":0,"parent":0,"menu_order":0,"comment_status":"closed","ping_status":"closed","template":"","meta":{"_kad_post_transparent":"","_kad_post_title":"","_kad_post_layout":"","_kad_post_sidebar_id":"","_kad_post_content_style":"","_kad_post_vertical_padding":"","_kad_post_feature":"","_kad_post_feature_position":"","_kad_post_header":false,"_kad_post_footer":false,"_kad_post_classname":"","footnotes":""},"class_list":["post-1015","page","type-page","status-publish","hentry"],"_hostinger_reach_plugin_has_subscription_block":false,"_hostinger_reach_plugin_is_elementor":false,"jetpack_sharing_enabled":true,"_links":{"self":[{"href":"https:\/\/1truenote.com\/en\/wp-json\/wp\/v2\/pages\/1015","targetHints":{"allow":["GET"]}}],"collection":[{"href":"https:\/\/1truenote.com\/en\/wp-json\/wp\/v2\/pages"}],"about":[{"href":"https:\/\/1truenote.com\/en\/wp-json\/wp\/v2\/types\/page"}],"author":[{"embeddable":true,"href":"https:\/\/1truenote.com\/en\/wp-json\/wp\/v2\/users\/1"}],"replies":[{"embeddable":true,"href":"https:\/\/1truenote.com\/en\/wp-json\/wp\/v2\/comments?post=1015"}],"version-history":[{"count":0,"href":"https:\/\/1truenote.com\/en\/wp-json\/wp\/v2\/pages\/1015\/revisions"}],"wp:attachment":[{"href":"https:\/\/1truenote.com\/en\/wp-json\/wp\/v2\/media?parent=1015"}],"curies":[{"name":"wp","href":"https:\/\/api.w.org\/{rel}","templated":true}]}}